{"id":3,"date":"2025-07-15T20:37:47","date_gmt":"2025-07-15T18:37:47","guid":{"rendered":"http:\/\/beos-energie.de\/?page_id=3"},"modified":"2025-08-17T07:12:50","modified_gmt":"2025-08-17T05:12:50","slug":"datenschutzerklaerung","status":"publish","type":"page","link":"https:\/\/beos-energie.de\/?page_id=3","title":{"rendered":"Datenschutz"},"content":{"rendered":"\n<h3 class=\"wp-block-heading\">Erheben, Nutzen und Weitergabe von Daten<\/h3>\n\n\n\n<p>Die Nutzung unserer Webseite ist ohne Angabe personenbezogener Daten m\u00f6glich. Wenn Du den auf unserer Webseite angebotenen Newsletter beziehen m\u00f6chtest, melde Dich bitte auf der Webseite an oder schreibe an uns eine E-Mail. Den Newsletter kannst du jederzeit kostenfrei abbestellen. Sende uns dazu eine E-Mail an info(at)beos-energie.de mit dem Betreff: Abbestellung Newsletter. <\/p>\n\n\n\n<p>Wenn du uns per E-Mail Anfragen zukommen l\u00e4sst, werden Deine Angaben aus der E-Mail inklusive der von Dir dort angegebenen Kontaktdaten zwecks Bearbeitung der Anfrage und f\u00fcr den Fall von Aschlussfragen bei uns gespeichert. Diese Daten geben wir nicht ohne Deine Einwilligung weiter. Wir weisen darauf hin, dass die Daten\u00fcbertragung im Internet (z. B. bei der Kommunikation per E-Mail) Sicherheitsl\u00fccken aufweisen kann. Ein l\u00fcckenloser Schutz der Daten vor dem Zugriff durch Dritte ist nicht m\u00f6glich. Der Nutzung von im Rahmen der Impressumspflicht ver\u00f6ffentlichten Kontaktdaten durch Dritte zur \u00dcbersendung von nicht ausdr\u00fccklich angeforderter Werbung und Informationsmaterialien wird hiermit ausdr\u00fccklich widersprochen. Die Betreiber der Seiten behalten sich ausdr\u00fccklich rechtliche Schritte im Fall der unverlangten Zusendung von Werbeinformationen etwa durch Spam-Mails, vor. <\/p>\n\n\n\n<h3 class=\"wp-block-heading\">Nutzung von Cookies<\/h3>\n\n\n\n<p>Auf unserer Internetseite werden keine Cookies verwendet. <\/p>\n\n\n\n<h3 class=\"wp-block-heading\">Datenverarbeitung auf dieser Webseite<\/h3>\n\n\n\n<p>Der Provider unserer Webseite erhebt und speichert automatisch Informationen in so genannten Server-Log Files, die Dein Browser automatisch an uns \u00fcbermittelt. Dies sind: Browsertyp, Browserversion, verwendetes Betriebsystem, Referrer, URL, Hostname des zugreifendes Rechners, Uhrzeit der Serveranfrage. Diese Daten k\u00f6nnen keinen bestimmten Personen zugeordnet werden. Eine Zusammenf\u00fchrung dieser Daten mit anderen Datenquellen wird nicht vorgenommen.<\/p>\n\n\n\n<h3 class=\"wp-block-heading\">Auskunft, L\u00f6schung, Sperrung<\/h3>\n\n\n\n<p>Du hast jederzeit das Recht auf unentgeltliche Auskunft \u00fcber Deine gespeicherten personenbezogenen Daten, deren Herkunft und Empf\u00e4nger und den Zweck der Datenverarbeitung sowie ein Recht auf Berichtigung, Sperrung oder L\u00f6schung dieser Daten. Hierzu sowie zu weiteren Fragen zum Thema personenbezogene Daten kannst Du Dich jederzeit unter folgender E-Mail an uns wenden: info(at)beos-energie.de.<\/p>\n\n\n\n<h3 class=\"wp-block-heading\">Eingebettete Inhalte von anderen Websites<\/h3>\n\n\n\n<p>Beitr\u00e4ge auf dieser Website k\u00f6nnen eingebettete Inhalte beinhalten (z.&nbsp;B. Videos, Bilder, Beitr\u00e4ge etc.). Eingebettete Inhalte von anderen Websites verhalten sich exakt so, als ob der Besucher die andere Website besucht h\u00e4tteiese Websites k\u00f6nnen Daten \u00fcber ich sammeln, Cookies benutzen, zus\u00e4tzliche Tracking-Dienste von Dritten einbetten und deine Interaktion mit diesem eingebetteten Inhalt aufzeichnen, inklusive deiner Interaktion mit dem eingebetteten Inhalt, falls du ein Konto hast und auf dieser Website angemeldet bist.<\/p>\n\n\n\n<p><em>Quellenverweis: https:\/\/www.e-recht24.de<\/em><\/p>\n\n\n\n<p><\/p>\n\n\n\n<p><\/p>\n\n\n\n<p><\/p>\n","protected":false},"excerpt":{"rendered":"<p>Erheben, Nutzen und Weitergabe von Daten Die Nutzung unserer Webseite ist ohne Angabe personenbezogener Daten m\u00f6glich. Wenn Du den auf [&hellip;]<\/p>\n","protected":false},"author":1,"featured_media":0,"parent":0,"menu_order":0,"comment_status":"closed","ping_status":"open","template":"","meta":{"site-sidebar-layout":"default","site-content-layout":"","ast-site-content-layout":"default","site-content-style":"default","site-sidebar-style":"default","ast-global-header-display":"","ast-banner-title-visibility":"","ast-main-header-display":"","ast-hfb-above-header-display":"","ast-hfb-below-header-display":"","ast-hfb-mobile-header-display":"","site-post-title":"","ast-breadcrumbs-content":"","ast-featured-img":"","footer-sml-layout":"","theme-transparent-header-meta":"","adv-header-id-meta":"","stick-header-meta":"","header-above-stick-meta":"","header-main-stick-meta":"","header-below-stick-meta":"","astra-migrate-meta-layouts":"default","ast-page-background-enabled":"default","ast-page-background-meta":{"desktop":{"background-color":"var(--ast-global-color-5)","background-image":"","background-repeat":"repeat","background-position":"center center","background-size":"auto","background-attachment":"scroll","background-type":"","background-media":"","overlay-type":"","overlay-color":"","overlay-opacity":"","overlay-gradient":""},"tablet":{"background-color":"","background-image":"","background-repeat":"repeat","background-position":"center center","background-size":"auto","background-attachment":"scroll","background-type":"","background-media":"","overlay-type":"","overlay-color":"","overlay-opacity":"","overlay-gradient":""},"mobile":{"background-color":"","background-image":"","background-repeat":"repeat","background-position":"center center","background-size":"auto","background-attachment":"scroll","background-type":"","background-media":"","overlay-type":"","overlay-color":"","overlay-opacity":"","overlay-gradient":""}},"ast-content-background-meta":{"desktop":{"background-color":"var(--ast-global-color-4)","background-image":"","background-repeat":"repeat","background-position":"center center","background-size":"auto","background-attachment":"scroll","background-type":"","background-media":"","overlay-type":"","overlay-color":"","overlay-opacity":"","overlay-gradient":""},"tablet":{"background-color":"var(--ast-global-color-4)","background-image":"","background-repeat":"repeat","background-position":"center center","background-size":"auto","background-attachment":"scroll","background-type":"","background-media":"","overlay-type":"","overlay-color":"","overlay-opacity":"","overlay-gradient":""},"mobile":{"background-color":"var(--ast-global-color-4)","background-image":"","background-repeat":"repeat","background-position":"center center","background-size":"auto","background-attachment":"scroll","background-type":"","background-media":"","overlay-type":"","overlay-color":"","overlay-opacity":"","overlay-gradient":""}},"footnotes":""},"class_list":["post-3","page","type-page","status-publish","hentry"],"yoast_head":"<!-- This site is optimized with the Yoast SEO plugin v27.4 - https:\/\/yoast.com\/product\/yoast-seo-wordpress\/ -->\n<title>Datenschutz - Energie in B\u00fcrgerhand: nachhaltig, gerecht, gemeinsam<\/title>\n<meta name=\"robots\" content=\"index, follow, max-snippet:-1, max-image-preview:large, max-video-preview:-1\" \/>\n<link rel=\"canonical\" href=\"https:\/\/beos-energie.de\/?page_id=3\" \/>\n<meta property=\"og:locale\" content=\"de_DE\" \/>\n<meta property=\"og:type\" content=\"article\" \/>\n<meta property=\"og:title\" content=\"Datenschutz - Energie in B\u00fcrgerhand: nachhaltig, gerecht, gemeinsam\" \/>\n<meta property=\"og:description\" content=\"Erheben, Nutzen und Weitergabe von Daten Die Nutzung unserer Webseite ist ohne Angabe personenbezogener Daten m\u00f6glich. Wenn Du den auf [&hellip;]\" \/>\n<meta property=\"og:url\" content=\"https:\/\/beos-energie.de\/?page_id=3\" \/>\n<meta property=\"og:site_name\" content=\"Energie in B\u00fcrgerhand: nachhaltig, gerecht, gemeinsam\" \/>\n<meta property=\"article:modified_time\" content=\"2025-08-17T05:12:50+00:00\" \/>\n<meta name=\"twitter:card\" content=\"summary_large_image\" \/>\n<meta name=\"twitter:label1\" content=\"Gesch\u00e4tzte Lesezeit\" \/>\n\t<meta name=\"twitter:data1\" content=\"2\u00a0Minuten\" \/>\n<script type=\"application\/ld+json\" class=\"yoast-schema-graph\">{\"@context\":\"https:\\\/\\\/schema.org\",\"@graph\":[{\"@type\":\"WebPage\",\"@id\":\"https:\\\/\\\/beos-energie.de\\\/?page_id=3\",\"url\":\"https:\\\/\\\/beos-energie.de\\\/?page_id=3\",\"name\":\"Datenschutz - Energie in B\u00fcrgerhand: nachhaltig, gerecht, gemeinsam\",\"isPartOf\":{\"@id\":\"https:\\\/\\\/beos-energie.de\\\/#website\"},\"datePublished\":\"2025-07-15T18:37:47+00:00\",\"dateModified\":\"2025-08-17T05:12:50+00:00\",\"breadcrumb\":{\"@id\":\"https:\\\/\\\/beos-energie.de\\\/?page_id=3#breadcrumb\"},\"inLanguage\":\"de\",\"potentialAction\":[{\"@type\":\"ReadAction\",\"target\":[\"https:\\\/\\\/beos-energie.de\\\/?page_id=3\"]}]},{\"@type\":\"BreadcrumbList\",\"@id\":\"https:\\\/\\\/beos-energie.de\\\/?page_id=3#breadcrumb\",\"itemListElement\":[{\"@type\":\"ListItem\",\"position\":1,\"name\":\"Startseite\",\"item\":\"https:\\\/\\\/beos-energie.de\\\/\"},{\"@type\":\"ListItem\",\"position\":2,\"name\":\"Datenschutz\"}]},{\"@type\":\"WebSite\",\"@id\":\"https:\\\/\\\/beos-energie.de\\\/#website\",\"url\":\"https:\\\/\\\/beos-energie.de\\\/\",\"name\":\"Energie in B\u00fcrgerhand: nachhaltig, gerecht, gemeinsam\",\"description\":\"B\u00fcrgerenergie Oder-Spree eG\",\"publisher\":{\"@id\":\"https:\\\/\\\/beos-energie.de\\\/#organization\"},\"potentialAction\":[{\"@type\":\"SearchAction\",\"target\":{\"@type\":\"EntryPoint\",\"urlTemplate\":\"https:\\\/\\\/beos-energie.de\\\/?s={search_term_string}\"},\"query-input\":{\"@type\":\"PropertyValueSpecification\",\"valueRequired\":true,\"valueName\":\"search_term_string\"}}],\"inLanguage\":\"de\"},{\"@type\":\"Organization\",\"@id\":\"https:\\\/\\\/beos-energie.de\\\/#organization\",\"name\":\"B\u00fcrgerenergie Oder-Spree eG\",\"url\":\"https:\\\/\\\/beos-energie.de\\\/\",\"logo\":{\"@type\":\"ImageObject\",\"inLanguage\":\"de\",\"@id\":\"https:\\\/\\\/beos-energie.de\\\/#\\\/schema\\\/logo\\\/image\\\/\",\"url\":\"https:\\\/\\\/beos-energie.de\\\/wp-content\\\/uploads\\\/2025\\\/08\\\/beos_farbe-03.png\",\"contentUrl\":\"https:\\\/\\\/beos-energie.de\\\/wp-content\\\/uploads\\\/2025\\\/08\\\/beos_farbe-03.png\",\"width\":936,\"height\":963,\"caption\":\"B\u00fcrgerenergie Oder-Spree eG\"},\"image\":{\"@id\":\"https:\\\/\\\/beos-energie.de\\\/#\\\/schema\\\/logo\\\/image\\\/\"},\"sameAs\":[\"https:\\\/\\\/www.instagram.com\\\/beos.energie\\\/\"]}]}<\/script>\n<!-- \/ Yoast SEO plugin. -->","yoast_head_json":{"title":"Datenschutz - Energie in B\u00fcrgerhand: nachhaltig, gerecht, gemeinsam","robots":{"index":"index","follow":"follow","max-snippet":"max-snippet:-1","max-image-preview":"max-image-preview:large","max-video-preview":"max-video-preview:-1"},"canonical":"https:\/\/beos-energie.de\/?page_id=3","og_locale":"de_DE","og_type":"article","og_title":"Datenschutz - Energie in B\u00fcrgerhand: nachhaltig, gerecht, gemeinsam","og_description":"Erheben, Nutzen und Weitergabe von Daten Die Nutzung unserer Webseite ist ohne Angabe personenbezogener Daten m\u00f6glich. Wenn Du den auf [&hellip;]","og_url":"https:\/\/beos-energie.de\/?page_id=3","og_site_name":"Energie in B\u00fcrgerhand: nachhaltig, gerecht, gemeinsam","article_modified_time":"2025-08-17T05:12:50+00:00","twitter_card":"summary_large_image","twitter_misc":{"Gesch\u00e4tzte Lesezeit":"2\u00a0Minuten"},"schema":{"@context":"https:\/\/schema.org","@graph":[{"@type":"WebPage","@id":"https:\/\/beos-energie.de\/?page_id=3","url":"https:\/\/beos-energie.de\/?page_id=3","name":"Datenschutz - Energie in B\u00fcrgerhand: nachhaltig, gerecht, gemeinsam","isPartOf":{"@id":"https:\/\/beos-energie.de\/#website"},"datePublished":"2025-07-15T18:37:47+00:00","dateModified":"2025-08-17T05:12:50+00:00","breadcrumb":{"@id":"https:\/\/beos-energie.de\/?page_id=3#breadcrumb"},"inLanguage":"de","potentialAction":[{"@type":"ReadAction","target":["https:\/\/beos-energie.de\/?page_id=3"]}]},{"@type":"BreadcrumbList","@id":"https:\/\/beos-energie.de\/?page_id=3#breadcrumb","itemListElement":[{"@type":"ListItem","position":1,"name":"Startseite","item":"https:\/\/beos-energie.de\/"},{"@type":"ListItem","position":2,"name":"Datenschutz"}]},{"@type":"WebSite","@id":"https:\/\/beos-energie.de\/#website","url":"https:\/\/beos-energie.de\/","name":"Energie in B\u00fcrgerhand: nachhaltig, gerecht, gemeinsam","description":"B\u00fcrgerenergie Oder-Spree eG","publisher":{"@id":"https:\/\/beos-energie.de\/#organization"},"potentialAction":[{"@type":"SearchAction","target":{"@type":"EntryPoint","urlTemplate":"https:\/\/beos-energie.de\/?s={search_term_string}"},"query-input":{"@type":"PropertyValueSpecification","valueRequired":true,"valueName":"search_term_string"}}],"inLanguage":"de"},{"@type":"Organization","@id":"https:\/\/beos-energie.de\/#organization","name":"B\u00fcrgerenergie Oder-Spree eG","url":"https:\/\/beos-energie.de\/","logo":{"@type":"ImageObject","inLanguage":"de","@id":"https:\/\/beos-energie.de\/#\/schema\/logo\/image\/","url":"https:\/\/beos-energie.de\/wp-content\/uploads\/2025\/08\/beos_farbe-03.png","contentUrl":"https:\/\/beos-energie.de\/wp-content\/uploads\/2025\/08\/beos_farbe-03.png","width":936,"height":963,"caption":"B\u00fcrgerenergie Oder-Spree eG"},"image":{"@id":"https:\/\/beos-energie.de\/#\/schema\/logo\/image\/"},"sameAs":["https:\/\/www.instagram.com\/beos.energie\/"]}]}},"_links":{"self":[{"href":"https:\/\/beos-energie.de\/index.php?rest_route=\/wp\/v2\/pages\/3","targetHints":{"allow":["GET"]}}],"collection":[{"href":"https:\/\/beos-energie.de\/index.php?rest_route=\/wp\/v2\/pages"}],"about":[{"href":"https:\/\/beos-energie.de\/index.php?rest_route=\/wp\/v2\/types\/page"}],"author":[{"embeddable":true,"href":"https:\/\/beos-energie.de\/index.php?rest_route=\/wp\/v2\/users\/1"}],"replies":[{"embeddable":true,"href":"https:\/\/beos-energie.de\/index.php?rest_route=%2Fwp%2Fv2%2Fcomments&post=3"}],"version-history":[{"count":7,"href":"https:\/\/beos-energie.de\/index.php?rest_route=\/wp\/v2\/pages\/3\/revisions"}],"predecessor-version":[{"id":989,"href":"https:\/\/beos-energie.de\/index.php?rest_route=\/wp\/v2\/pages\/3\/revisions\/989"}],"wp:attachment":[{"href":"https:\/\/beos-energie.de\/index.php?rest_route=%2Fwp%2Fv2%2Fmedia&parent=3"}],"curies":[{"name":"wp","href":"https:\/\/api.w.org\/{rel}","templated":true}]}}