{"id":887,"date":"2025-08-16T10:51:13","date_gmt":"2025-08-16T08:51:13","guid":{"rendered":"https:\/\/beos-energie.de\/?page_id=887"},"modified":"2026-04-23T09:31:49","modified_gmt":"2026-04-23T07:31:49","slug":"herzlich-willkommen","status":"publish","type":"page","link":"https:\/\/beos-energie.de\/","title":{"rendered":"Herzlich Willkommen"},"content":{"rendered":"\n<blockquote class=\"wp-block-quote is-layout-flow wp-block-quote-is-layout-flow\">\n<ul class=\"wp-block-social-links is-vertical is-content-justification-right is-layout-flex wp-container-core-social-links-is-layout-a18aa0d7 wp-block-social-links-is-layout-flex\"><li class=\"wp-social-link wp-social-link-instagram  wp-block-social-link\"><a href=\"https:\/\/www.instagram.com\/beos.energie\/\" class=\"wp-block-social-link-anchor\"><svg width=\"24\" height=\"24\" viewBox=\"0 0 24 24\" version=\"1.1\" xmlns=\"http:\/\/www.w3.org\/2000\/svg\" aria-hidden=\"true\" focusable=\"false\"><path d=\"M12,4.622c2.403,0,2.688,0.009,3.637,0.052c0.877,0.04,1.354,0.187,1.671,0.31c0.42,0.163,0.72,0.358,1.035,0.673 c0.315,0.315,0.51,0.615,0.673,1.035c0.123,0.317,0.27,0.794,0.31,1.671c0.043,0.949,0.052,1.234,0.052,3.637 s-0.009,2.688-0.052,3.637c-0.04,0.877-0.187,1.354-0.31,1.671c-0.163,0.42-0.358,0.72-0.673,1.035 c-0.315,0.315-0.615,0.51-1.035,0.673c-0.317,0.123-0.794,0.27-1.671,0.31c-0.949,0.043-1.233,0.052-3.637,0.052 s-2.688-0.009-3.637-0.052c-0.877-0.04-1.354-0.187-1.671-0.31c-0.42-0.163-0.72-0.358-1.035-0.673 c-0.315-0.315-0.51-0.615-0.673-1.035c-0.123-0.317-0.27-0.794-0.31-1.671C4.631,14.688,4.622,14.403,4.622,12 s0.009-2.688,0.052-3.637c0.04-0.877,0.187-1.354,0.31-1.671c0.163-0.42,0.358-0.72,0.673-1.035 c0.315-0.315,0.615-0.51,1.035-0.673c0.317-0.123,0.794-0.27,1.671-0.31C9.312,4.631,9.597,4.622,12,4.622 M12,3 C9.556,3,9.249,3.01,8.289,3.054C7.331,3.098,6.677,3.25,6.105,3.472C5.513,3.702,5.011,4.01,4.511,4.511 c-0.5,0.5-0.808,1.002-1.038,1.594C3.25,6.677,3.098,7.331,3.054,8.289C3.01,9.249,3,9.556,3,12c0,2.444,0.01,2.751,0.054,3.711 c0.044,0.958,0.196,1.612,0.418,2.185c0.23,0.592,0.538,1.094,1.038,1.594c0.5,0.5,1.002,0.808,1.594,1.038 c0.572,0.222,1.227,0.375,2.185,0.418C9.249,20.99,9.556,21,12,21s2.751-0.01,3.711-0.054c0.958-0.044,1.612-0.196,2.185-0.418 c0.592-0.23,1.094-0.538,1.594-1.038c0.5-0.5,0.808-1.002,1.038-1.594c0.222-0.572,0.375-1.227,0.418-2.185 C20.99,14.751,21,14.444,21,12s-0.01-2.751-0.054-3.711c-0.044-0.958-0.196-1.612-0.418-2.185c-0.23-0.592-0.538-1.094-1.038-1.594 c-0.5-0.5-1.002-0.808-1.594-1.038c-0.572-0.222-1.227-0.375-2.185-0.418C14.751,3.01,14.444,3,12,3L12,3z M12,7.378 c-2.552,0-4.622,2.069-4.622,4.622S9.448,16.622,12,16.622s4.622-2.069,4.622-4.622S14.552,7.378,12,7.378z M12,15 c-1.657,0-3-1.343-3-3s1.343-3,3-3s3,1.343,3,3S13.657,15,12,15z M16.804,6.116c-0.596,0-1.08,0.484-1.08,1.08 s0.484,1.08,1.08,1.08c0.596,0,1.08-0.484,1.08-1.08S17.401,6.116,16.804,6.116z\"><\/path><\/svg><span class=\"wp-block-social-link-label screen-reader-text\">Instagram<\/span><\/a><\/li><\/ul>\n\n\n\n<p>&#8222;Zweifle nie daran, dass eine kleine Gruppe engagierter Menschen die Welt ver\u00e4ndern kann &#8211; tats\u00e4chlich ist dies die einzige Art und Weise, in der die Welt jemals ver\u00e4ndert wurde.&#8220; <em>Margaret Mead<\/em><\/p>\n\n\n\n<figure class=\"wp-block-gallery has-nested-images columns-default is-cropped wp-block-gallery-1 is-layout-flex wp-block-gallery-is-layout-flex\">\n<figure class=\"wp-block-image aligncenter size-full\"><img loading=\"lazy\" decoding=\"async\" width=\"1417\" height=\"1063\" data-id=\"888\" src=\"http:\/\/beos-energie.de\/wp-content\/uploads\/2025\/08\/Grusskarte_Fruehling_klein.jpg\" alt=\"\" class=\"wp-image-888\" srcset=\"https:\/\/beos-energie.de\/wp-content\/uploads\/2025\/08\/Grusskarte_Fruehling_klein.jpg 1417w, https:\/\/beos-energie.de\/wp-content\/uploads\/2025\/08\/Grusskarte_Fruehling_klein-300x225.jpg 300w, https:\/\/beos-energie.de\/wp-content\/uploads\/2025\/08\/Grusskarte_Fruehling_klein-1024x768.jpg 1024w, https:\/\/beos-energie.de\/wp-content\/uploads\/2025\/08\/Grusskarte_Fruehling_klein-768x576.jpg 768w\" sizes=\"auto, (max-width: 1417px) 100vw, 1417px\" \/><figcaption class=\"wp-element-caption\">Strom zu jeder Jahreszeit &#8211; Fr\u00fchling<\/figcaption><\/figure>\n<\/figure>\n<\/blockquote>\n\n\n\n<p>Die Energiewende ist ein Gemeinschaftswerk. B\u00fcrgerbeteiligung ist dabei kein Selbstzweck, sondern st\u00e4rkt die demokratische Gesellschaft. Die vielen Beteiligungsformen zeigen die Vielfalt und Kreativit\u00e4t der Demokratie auf lokaler Ebene und sie sind das Fundament f\u00fcr eine friedvolle, soziale und \u00f6kologische Gesellschaft. <\/p>\n\n\n\n<p>Unser Wunsch ist eine erneuerbare, regionale und nachhaltige Energiezukunft in B\u00fcrgerhand. Daf\u00fcr engagieren wir uns in folgenden Bereichen: <\/p>\n\n\n\n<div class=\"wp-block-buttons is-layout-flex wp-block-buttons-is-layout-flex\">\n<div class=\"wp-block-button has-custom-width wp-block-button__width-50\"><a class=\"wp-block-button__link wp-element-button\" href=\"https:\/\/beos-energie.de\/?page_id=933\">PV-Dachanlagen<\/a><\/div>\n\n\n\n<div class=\"wp-block-button has-custom-width wp-block-button__width-50\"><a class=\"wp-block-button__link wp-element-button\" href=\"https:\/\/beos-energie.de\/?page_id=379\">Strom- und Gastarife<\/a><\/div>\n<\/div>\n\n\n\n<div class=\"wp-block-buttons is-layout-flex wp-block-buttons-is-layout-flex\">\n<div class=\"wp-block-button has-custom-width wp-block-button__width-50\"><a class=\"wp-block-button__link wp-element-button\" href=\"https:\/\/beos-energie.de\/?page_id=865\">PV-Freifl\u00e4chenanlagen in B\u00fcrgerhand<\/a><\/div>\n\n\n\n<div class=\"wp-block-button has-custom-width wp-block-button__width-50\"><a class=\"wp-block-button__link wp-element-button\" href=\"https:\/\/beos-energie.de\/?page_id=609\" target=\"_blank\" rel=\"noreferrer noopener\">THG-Pr\u00e4mie<\/a><\/div>\n<\/div>\n\n\n\n<p><\/p>\n","protected":false},"excerpt":{"rendered":"<p>Die Energiewende ist ein Gemeinschaftswerk. B\u00fcrgerbeteiligung ist dabei kein Selbstzweck, sondern st\u00e4rkt die demokratische Gesellschaft. Die vielen Beteiligungsformen zeigen die [&hellip;]<\/p>\n","protected":false},"author":1,"featured_media":0,"parent":0,"menu_order":0,"comment_status":"closed","ping_status":"closed","template":"","meta":{"site-sidebar-layout":"default","site-content-layout":"","ast-site-content-layout":"default","site-content-style":"default","site-sidebar-style":"default","ast-global-header-display":"","ast-banner-title-visibility":"","ast-main-header-display":"","ast-hfb-above-header-display":"","ast-hfb-below-header-display":"","ast-hfb-mobile-header-display":"","site-post-title":"","ast-breadcrumbs-content":"","ast-featured-img":"","footer-sml-layout":"","theme-transparent-header-meta":"","adv-header-id-meta":"","stick-header-meta":"","header-above-stick-meta":"","header-main-stick-meta":"","header-below-stick-meta":"","astra-migrate-meta-layouts":"default","ast-page-background-enabled":"default","ast-page-background-meta":{"desktop":{"background-color":"var(--ast-global-color-5)","background-image":"","background-repeat":"repeat","background-position":"center center","background-size":"auto","background-attachment":"scroll","background-type":"","background-media":"","overlay-type":"","overlay-color":"","overlay-opacity":"","overlay-gradient":""},"tablet":{"background-color":"","background-image":"","background-repeat":"repeat","background-position":"center center","background-size":"auto","background-attachment":"scroll","background-type":"","background-media":"","overlay-type":"","overlay-color":"","overlay-opacity":"","overlay-gradient":""},"mobile":{"background-color":"","background-image":"","background-repeat":"repeat","background-position":"center center","background-size":"auto","background-attachment":"scroll","background-type":"","background-media":"","overlay-type":"","overlay-color":"","overlay-opacity":"","overlay-gradient":""}},"ast-content-background-meta":{"desktop":{"background-color":"var(--ast-global-color-4)","background-image":"","background-repeat":"repeat","background-position":"center center","background-size":"auto","background-attachment":"scroll","background-type":"","background-media":"","overlay-type":"","overlay-color":"","overlay-opacity":"","overlay-gradient":""},"tablet":{"background-color":"var(--ast-global-color-4)","background-image":"","background-repeat":"repeat","background-position":"center center","background-size":"auto","background-attachment":"scroll","background-type":"","background-media":"","overlay-type":"","overlay-color":"","overlay-opacity":"","overlay-gradient":""},"mobile":{"background-color":"var(--ast-global-color-4)","background-image":"","background-repeat":"repeat","background-position":"center center","background-size":"auto","background-attachment":"scroll","background-type":"","background-media":"","overlay-type":"","overlay-color":"","overlay-opacity":"","overlay-gradient":""}},"footnotes":""},"class_list":["post-887","page","type-page","status-publish","hentry"],"yoast_head":"<!-- This site is optimized with the Yoast SEO plugin v27.5 - https:\/\/yoast.com\/product\/yoast-seo-wordpress\/ -->\n<title>Herzlich Willkommen - Energie in B\u00fcrgerhand: nachhaltig, gerecht, gemeinsam<\/title>\n<meta name=\"robots\" content=\"index, follow, max-snippet:-1, max-image-preview:large, max-video-preview:-1\" \/>\n<link rel=\"canonical\" href=\"https:\/\/beos-energie.de\/\" \/>\n<meta property=\"og:locale\" content=\"de_DE\" \/>\n<meta property=\"og:type\" content=\"article\" \/>\n<meta property=\"og:title\" content=\"Herzlich Willkommen - Energie in B\u00fcrgerhand: nachhaltig, gerecht, gemeinsam\" \/>\n<meta property=\"og:description\" content=\"Die Energiewende ist ein Gemeinschaftswerk. B\u00fcrgerbeteiligung ist dabei kein Selbstzweck, sondern st\u00e4rkt die demokratische Gesellschaft. Die vielen Beteiligungsformen zeigen die [&hellip;]\" \/>\n<meta property=\"og:url\" content=\"https:\/\/beos-energie.de\/\" \/>\n<meta property=\"og:site_name\" content=\"Energie in B\u00fcrgerhand: nachhaltig, gerecht, gemeinsam\" \/>\n<meta property=\"article:modified_time\" content=\"2026-04-23T07:31:49+00:00\" \/>\n<meta property=\"og:image\" content=\"https:\/\/beos-energie.de\/wp-content\/uploads\/2025\/08\/Grusskarte_Fruehling_klein.jpg\" \/>\n\t<meta property=\"og:image:width\" content=\"1417\" \/>\n\t<meta property=\"og:image:height\" content=\"1063\" \/>\n\t<meta property=\"og:image:type\" content=\"image\/jpeg\" \/>\n<meta name=\"twitter:card\" content=\"summary_large_image\" \/>\n<meta name=\"twitter:label1\" content=\"Gesch\u00e4tzte Lesezeit\" \/>\n\t<meta name=\"twitter:data1\" content=\"1\u00a0Minute\" \/>\n<script type=\"application\/ld+json\" class=\"yoast-schema-graph\">{\"@context\":\"https:\\\/\\\/schema.org\",\"@graph\":[{\"@type\":\"WebPage\",\"@id\":\"https:\\\/\\\/beos-energie.de\\\/\",\"url\":\"https:\\\/\\\/beos-energie.de\\\/\",\"name\":\"Herzlich Willkommen - Energie in B\u00fcrgerhand: nachhaltig, gerecht, gemeinsam\",\"isPartOf\":{\"@id\":\"https:\\\/\\\/beos-energie.de\\\/#website\"},\"primaryImageOfPage\":{\"@id\":\"https:\\\/\\\/beos-energie.de\\\/#primaryimage\"},\"image\":{\"@id\":\"https:\\\/\\\/beos-energie.de\\\/#primaryimage\"},\"thumbnailUrl\":\"http:\\\/\\\/beos-energie.de\\\/wp-content\\\/uploads\\\/2025\\\/08\\\/Grusskarte_Fruehling_klein.jpg\",\"datePublished\":\"2025-08-16T08:51:13+00:00\",\"dateModified\":\"2026-04-23T07:31:49+00:00\",\"breadcrumb\":{\"@id\":\"https:\\\/\\\/beos-energie.de\\\/#breadcrumb\"},\"inLanguage\":\"de\",\"potentialAction\":[{\"@type\":\"ReadAction\",\"target\":[\"https:\\\/\\\/beos-energie.de\\\/\"]}]},{\"@type\":\"ImageObject\",\"inLanguage\":\"de\",\"@id\":\"https:\\\/\\\/beos-energie.de\\\/#primaryimage\",\"url\":\"https:\\\/\\\/beos-energie.de\\\/wp-content\\\/uploads\\\/2025\\\/08\\\/Grusskarte_Fruehling_klein.jpg\",\"contentUrl\":\"https:\\\/\\\/beos-energie.de\\\/wp-content\\\/uploads\\\/2025\\\/08\\\/Grusskarte_Fruehling_klein.jpg\",\"width\":1417,\"height\":1063},{\"@type\":\"BreadcrumbList\",\"@id\":\"https:\\\/\\\/beos-energie.de\\\/#breadcrumb\",\"itemListElement\":[{\"@type\":\"ListItem\",\"position\":1,\"name\":\"Startseite\",\"item\":\"https:\\\/\\\/beos-energie.de\\\/\"},{\"@type\":\"ListItem\",\"position\":2,\"name\":\"Herzlich Willkommen\"}]},{\"@type\":\"WebSite\",\"@id\":\"https:\\\/\\\/beos-energie.de\\\/#website\",\"url\":\"https:\\\/\\\/beos-energie.de\\\/\",\"name\":\"Energie in B\u00fcrgerhand: nachhaltig, gerecht, gemeinsam\",\"description\":\"B\u00fcrgerenergie Oder-Spree eG\",\"publisher\":{\"@id\":\"https:\\\/\\\/beos-energie.de\\\/#organization\"},\"potentialAction\":[{\"@type\":\"SearchAction\",\"target\":{\"@type\":\"EntryPoint\",\"urlTemplate\":\"https:\\\/\\\/beos-energie.de\\\/?s={search_term_string}\"},\"query-input\":{\"@type\":\"PropertyValueSpecification\",\"valueRequired\":true,\"valueName\":\"search_term_string\"}}],\"inLanguage\":\"de\"},{\"@type\":\"Organization\",\"@id\":\"https:\\\/\\\/beos-energie.de\\\/#organization\",\"name\":\"B\u00fcrgerenergie Oder-Spree eG\",\"url\":\"https:\\\/\\\/beos-energie.de\\\/\",\"logo\":{\"@type\":\"ImageObject\",\"inLanguage\":\"de\",\"@id\":\"https:\\\/\\\/beos-energie.de\\\/#\\\/schema\\\/logo\\\/image\\\/\",\"url\":\"https:\\\/\\\/beos-energie.de\\\/wp-content\\\/uploads\\\/2025\\\/08\\\/beos_farbe-03.png\",\"contentUrl\":\"https:\\\/\\\/beos-energie.de\\\/wp-content\\\/uploads\\\/2025\\\/08\\\/beos_farbe-03.png\",\"width\":936,\"height\":963,\"caption\":\"B\u00fcrgerenergie Oder-Spree eG\"},\"image\":{\"@id\":\"https:\\\/\\\/beos-energie.de\\\/#\\\/schema\\\/logo\\\/image\\\/\"},\"sameAs\":[\"https:\\\/\\\/www.instagram.com\\\/beos.energie\\\/\"]}]}<\/script>\n<!-- \/ Yoast SEO plugin. -->","yoast_head_json":{"title":"Herzlich Willkommen - Energie in B\u00fcrgerhand: nachhaltig, gerecht, gemeinsam","robots":{"index":"index","follow":"follow","max-snippet":"max-snippet:-1","max-image-preview":"max-image-preview:large","max-video-preview":"max-video-preview:-1"},"canonical":"https:\/\/beos-energie.de\/","og_locale":"de_DE","og_type":"article","og_title":"Herzlich Willkommen - Energie in B\u00fcrgerhand: nachhaltig, gerecht, gemeinsam","og_description":"Die Energiewende ist ein Gemeinschaftswerk. B\u00fcrgerbeteiligung ist dabei kein Selbstzweck, sondern st\u00e4rkt die demokratische Gesellschaft. Die vielen Beteiligungsformen zeigen die [&hellip;]","og_url":"https:\/\/beos-energie.de\/","og_site_name":"Energie in B\u00fcrgerhand: nachhaltig, gerecht, gemeinsam","article_modified_time":"2026-04-23T07:31:49+00:00","og_image":[{"width":1417,"height":1063,"url":"https:\/\/beos-energie.de\/wp-content\/uploads\/2025\/08\/Grusskarte_Fruehling_klein.jpg","type":"image\/jpeg"}],"twitter_card":"summary_large_image","twitter_misc":{"Gesch\u00e4tzte Lesezeit":"1\u00a0Minute"},"schema":{"@context":"https:\/\/schema.org","@graph":[{"@type":"WebPage","@id":"https:\/\/beos-energie.de\/","url":"https:\/\/beos-energie.de\/","name":"Herzlich Willkommen - Energie in B\u00fcrgerhand: nachhaltig, gerecht, gemeinsam","isPartOf":{"@id":"https:\/\/beos-energie.de\/#website"},"primaryImageOfPage":{"@id":"https:\/\/beos-energie.de\/#primaryimage"},"image":{"@id":"https:\/\/beos-energie.de\/#primaryimage"},"thumbnailUrl":"http:\/\/beos-energie.de\/wp-content\/uploads\/2025\/08\/Grusskarte_Fruehling_klein.jpg","datePublished":"2025-08-16T08:51:13+00:00","dateModified":"2026-04-23T07:31:49+00:00","breadcrumb":{"@id":"https:\/\/beos-energie.de\/#breadcrumb"},"inLanguage":"de","potentialAction":[{"@type":"ReadAction","target":["https:\/\/beos-energie.de\/"]}]},{"@type":"ImageObject","inLanguage":"de","@id":"https:\/\/beos-energie.de\/#primaryimage","url":"https:\/\/beos-energie.de\/wp-content\/uploads\/2025\/08\/Grusskarte_Fruehling_klein.jpg","contentUrl":"https:\/\/beos-energie.de\/wp-content\/uploads\/2025\/08\/Grusskarte_Fruehling_klein.jpg","width":1417,"height":1063},{"@type":"BreadcrumbList","@id":"https:\/\/beos-energie.de\/#breadcrumb","itemListElement":[{"@type":"ListItem","position":1,"name":"Startseite","item":"https:\/\/beos-energie.de\/"},{"@type":"ListItem","position":2,"name":"Herzlich Willkommen"}]},{"@type":"WebSite","@id":"https:\/\/beos-energie.de\/#website","url":"https:\/\/beos-energie.de\/","name":"Energie in B\u00fcrgerhand: nachhaltig, gerecht, gemeinsam","description":"B\u00fcrgerenergie Oder-Spree eG","publisher":{"@id":"https:\/\/beos-energie.de\/#organization"},"potentialAction":[{"@type":"SearchAction","target":{"@type":"EntryPoint","urlTemplate":"https:\/\/beos-energie.de\/?s={search_term_string}"},"query-input":{"@type":"PropertyValueSpecification","valueRequired":true,"valueName":"search_term_string"}}],"inLanguage":"de"},{"@type":"Organization","@id":"https:\/\/beos-energie.de\/#organization","name":"B\u00fcrgerenergie Oder-Spree eG","url":"https:\/\/beos-energie.de\/","logo":{"@type":"ImageObject","inLanguage":"de","@id":"https:\/\/beos-energie.de\/#\/schema\/logo\/image\/","url":"https:\/\/beos-energie.de\/wp-content\/uploads\/2025\/08\/beos_farbe-03.png","contentUrl":"https:\/\/beos-energie.de\/wp-content\/uploads\/2025\/08\/beos_farbe-03.png","width":936,"height":963,"caption":"B\u00fcrgerenergie Oder-Spree eG"},"image":{"@id":"https:\/\/beos-energie.de\/#\/schema\/logo\/image\/"},"sameAs":["https:\/\/www.instagram.com\/beos.energie\/"]}]}},"_links":{"self":[{"href":"https:\/\/beos-energie.de\/index.php?rest_route=\/wp\/v2\/pages\/887","targetHints":{"allow":["GET"]}}],"collection":[{"href":"https:\/\/beos-energie.de\/index.php?rest_route=\/wp\/v2\/pages"}],"about":[{"href":"https:\/\/beos-energie.de\/index.php?rest_route=\/wp\/v2\/types\/page"}],"author":[{"embeddable":true,"href":"https:\/\/beos-energie.de\/index.php?rest_route=\/wp\/v2\/users\/1"}],"replies":[{"embeddable":true,"href":"https:\/\/beos-energie.de\/index.php?rest_route=%2Fwp%2Fv2%2Fcomments&post=887"}],"version-history":[{"count":11,"href":"https:\/\/beos-energie.de\/index.php?rest_route=\/wp\/v2\/pages\/887\/revisions"}],"predecessor-version":[{"id":1036,"href":"https:\/\/beos-energie.de\/index.php?rest_route=\/wp\/v2\/pages\/887\/revisions\/1036"}],"wp:attachment":[{"href":"https:\/\/beos-energie.de\/index.php?rest_route=%2Fwp%2Fv2%2Fmedia&parent=887"}],"curies":[{"name":"wp","href":"https:\/\/api.w.org\/{rel}","templated":true}]}}